{"id":31,"date":"2022-02-14T17:16:35","date_gmt":"2022-02-14T17:16:35","guid":{"rendered":"http:\/\/bourdichoux.fr\/?page_id=31"},"modified":"2026-02-16T14:14:07","modified_gmt":"2026-02-16T14:14:07","slug":"le-groupe","status":"publish","type":"page","link":"https:\/\/bourdichoux.fr\/?page_id=31","title":{"rendered":"Le Groupe"},"content":{"rendered":"\n<p>Les Bourdichoux offre cinq activit\u00e9s :<\/p>\n\n\n\n<ul class=\"wp-block-list\">\n<li><a href=\"#theatre-enfants\" data-type=\"internal\" data-id=\"#theatre-enfants\">Th\u00e9\u00e2tre enfants<\/a><\/li>\n\n\n\n<li><a href=\"#theatre-adultes\" data-type=\"internal\" data-id=\"#theatre-adultes\">Th\u00e9\u00e2tre adultes<\/a><\/li>\n\n\n\n<li><a href=\"#danse-enfants\" data-type=\"internal\" data-id=\"#danse-enfants\">Danse traditionnelle enfants<\/a><\/li>\n\n\n\n<li><a href=\"#danse-traditionnelle-adultes\" data-type=\"internal\" data-id=\"#danse-traditionnelle-adultes\">Danse traditionnelle adultes<\/a><\/li>\n\n\n\n<li><a href=\"#musique\" data-type=\"internal\" data-id=\"#musique\">Musique<\/a><\/li>\n<\/ul>\n\n\n\n<h4 class=\"wp-block-heading has-vivid-cyan-blue-color has-text-color\" id=\"theatre-enfants\">Th\u00e9\u00e2tre enfants<\/h4>\n\n\n\n<p>Le th\u00e9\u00e2tre est un art aux multiples bienfaits qui permet aux enfants :<\/p>\n\n\n\n<ul class=\"wp-block-list\">\n<li>d\u2019am\u00e9liorer leurs expressions verbales et corporelles : ce qui est b\u00e9n\u00e9fique pour faire face \u00e0 la difficult\u00e9 d\u2019exprimer leurs \u00e9motions<\/li>\n\n\n\n<li>de vaincre leur timidit\u00e9 et prendre confiance en eux : \u00e0 la fin du spectacle, il n\u2019y a ni note ni jugement mais uniquement des applaudissements qui les remplissent de fiert\u00e9 leur donnant envie de continuer et s\u2019am\u00e9liorer<\/li>\n\n\n\n<li>de se m\u00e9tamorphoser : en inventant des personnages ou en les incarnant, ils expriment leur cr\u00e9ativit\u00e9 et leur imagination<\/li>\n\n\n\n<li>jouer et partager avec des camarades qui deviennent des amis de confiance<\/li>\n<\/ul>\n\n\n\n<p>Le th\u00e9\u00e2tre enfants aux Bourdichoux ce sont des r\u00e9p\u00e9titions tous les vendredis soirs en p\u00e9riode scolaire de 18h \u00e0 19h, encadr\u00e9es par des amateurs bienveillants aux conseils avis\u00e9s. <br>Le but est de parvenir \u00e0 ma\u00eetriser et produire une courte pi\u00e8ce ou des sketches \u00e9crits par la troupe elle-m\u00eame !<\/p>\n\n\n\n<p>A partir de 8 ans, groupe de 14 personnes maximum<br>Contact : <a href=\"mailto: lilianeb16@hotmail.fr\">Liliane<\/a><br><a rel=\"noreferrer noopener\" href=\"https:\/\/bourdichoux.fr\/wp-content\/uploads\/2022\/09\/Reglement-du-Petit-Bourdichoux-THEATRE.pdf\" target=\"_blank\">R\u00e8glement du Petit Bourdichoux Th\u00e9\u00e2tre <\/a><\/p>\n\n\n\n<figure class=\"wp-block-image size-full\"><img loading=\"lazy\" decoding=\"async\" width=\"1017\" height=\"596\" src=\"https:\/\/bourdichoux.fr\/wp-content\/uploads\/2024\/05\/Photo-theatre-enfants.jpg\" alt=\"\" class=\"wp-image-518\" srcset=\"https:\/\/bourdichoux.fr\/wp-content\/uploads\/2024\/05\/Photo-theatre-enfants.jpg 1017w, https:\/\/bourdichoux.fr\/wp-content\/uploads\/2024\/05\/Photo-theatre-enfants-300x176.jpg 300w, https:\/\/bourdichoux.fr\/wp-content\/uploads\/2024\/05\/Photo-theatre-enfants-768x450.jpg 768w\" sizes=\"auto, (max-width: 767px) 89vw, (max-width: 1000px) 54vw, (max-width: 1071px) 543px, 580px\" \/><\/figure>\n\n\n\n<h4 class=\"wp-block-heading has-vivid-cyan-blue-color has-text-color\" id=\"theatre-adultes\">Th\u00e9\u00e2tre adultes<\/h4>\n\n\n\n<p>Envie d&rsquo;\u00e9vasion, de sortir du quotidien, de vous amuser ?<br>Le th\u00e9\u00e2tre est certainement la solution !<\/p>\n\n\n\n<p>Savez vous que le th\u00e9\u00e2tre est un art et une discipline aux de multiples vertus qui vous permettra de :<\/p>\n\n\n\n<ul class=\"wp-block-list\">\n<li>d\u00e9velopper votre cr\u00e9ativit\u00e9<\/li>\n\n\n\n<li>d\u00e9velopper votre \u00e9panouissement personnel et le d\u00e9passement de soi<\/li>\n\n\n\n<li>lutter contre le stress<\/li>\n\n\n\n<li>faciliter vos \u00e9changes<\/li>\n\n\n\n<li>d\u00e9velopper votre confiance en vous<\/li>\n\n\n\n<li>permettre de mieux vous comprendre<\/li>\n\n\n\n<li>travailler votre intelligence \u00e9motionnelle<\/li>\n<\/ul>\n\n\n\n<p>Le th\u00e9\u00e2tre ne demande qu&rsquo;un seul mat\u00e9riel : <strong>SOI-M\u00caME<\/strong>.<br>Alors ? Convaincus ? Venez nous rejoindre !<\/p>\n\n\n\n<p>R\u00e9p\u00e9titions les vendredis soirs \u00e0 21h en semaines paires et les samedis \u00e0 13h30 en semaines impaires.<br>Contact : <a href=\"mailto: raymondelimonche@gmail.com\">Violette<\/a><\/p>\n\n\n\n<figure class=\"wp-block-image size-large\"><img loading=\"lazy\" decoding=\"async\" width=\"1024\" height=\"763\" src=\"https:\/\/bourdichoux.fr\/wp-content\/uploads\/2025\/02\/Theatre-1-1024x763.jpg\" alt=\"\" class=\"wp-image-546\" srcset=\"https:\/\/bourdichoux.fr\/wp-content\/uploads\/2025\/02\/Theatre-1-1024x763.jpg 1024w, https:\/\/bourdichoux.fr\/wp-content\/uploads\/2025\/02\/Theatre-1-300x224.jpg 300w, https:\/\/bourdichoux.fr\/wp-content\/uploads\/2025\/02\/Theatre-1-768x572.jpg 768w, https:\/\/bourdichoux.fr\/wp-content\/uploads\/2025\/02\/Theatre-1.jpg 1377w\" sizes=\"auto, (max-width: 767px) 89vw, (max-width: 1000px) 54vw, (max-width: 1071px) 543px, 580px\" \/><\/figure>\n\n\n\n<h4 class=\"wp-block-heading has-vivid-cyan-blue-color has-text-color\" id=\"danse-enfants\">Danse traditionnelle enfants<\/h4>\n\n\n\n<p>La danse traditionnelle est une activit\u00e9 bienfaisante qui permet aux enfants :<\/p>\n\n\n\n<ul class=\"wp-block-list\">\n<li>d\u2019am\u00e9liorer leur confiance en eux<\/li>\n\n\n\n<li>d\u2019augmenter leurs capacit\u00e9s physiques<\/li>\n\n\n\n<li>de renforcer leurs interactions sociales<\/li>\n\n\n\n<li>de favoriser la r\u00e9ussite scolaire<\/li>\n\n\n\n<li>de prendre conscience de leur corps<\/li>\n\n\n\n<li>de mieux exprimer leurs \u00e9motions<\/li>\n\n\n\n<li>de d\u00e9velopper leurs rep\u00e9rages spatio-temporels<\/li>\n\n\n\n<li>d\u2019am\u00e9liorer leurs intelligences kinesth\u00e9siques<\/li>\n\n\n\n<li>de travailler leur discipline et leur \u00e9coute<\/li>\n\n\n\n<li>de s\u2019amuser en \u00e9quipe<\/li>\n\n\n\n<li>d&rsquo;apprendre et perp\u00e9tuer les danses traditionnelle de notre terroir<\/li>\n\n\n\n<li>de p\u00e9renniser l&rsquo;existence de ce patrimoine immat\u00e9riel riche<\/li>\n<\/ul>\n\n\n\n<p>Viens apprendre avec Les Bourdichoux tous les mercredis de 17h30 \u00e0 18h30 : on te transmettra tout notre savoir traditionnel avec passion et bienveillance !<br>D\u00e8s 3 ans<br>Contact : <a href=\"mailto: emeline.blanloeuil@gmail.com\">Emeline<\/a><br><a href=\"https:\/\/bourdichoux.fr\/wp-content\/uploads\/2022\/09\/Reglement-du-Petit-Bourdichoux-DANSES.pdf\" target=\"_blank\" rel=\"noreferrer noopener\">R\u00e8glement du Petit Bourdichoux Danses<\/a><\/p>\n\n\n\n<figure class=\"wp-block-image size-large\"><img loading=\"lazy\" decoding=\"async\" width=\"1024\" height=\"741\" src=\"https:\/\/bourdichoux.fr\/wp-content\/uploads\/2022\/02\/danse-enfants-1-1024x741.jpg\" alt=\"\" class=\"wp-image-148\" srcset=\"https:\/\/bourdichoux.fr\/wp-content\/uploads\/2022\/02\/danse-enfants-1-1024x741.jpg 1024w, https:\/\/bourdichoux.fr\/wp-content\/uploads\/2022\/02\/danse-enfants-1-300x217.jpg 300w, https:\/\/bourdichoux.fr\/wp-content\/uploads\/2022\/02\/danse-enfants-1-768x556.jpg 768w, https:\/\/bourdichoux.fr\/wp-content\/uploads\/2022\/02\/danse-enfants-1.jpg 1280w\" sizes=\"auto, (max-width: 767px) 89vw, (max-width: 1000px) 54vw, (max-width: 1071px) 543px, 580px\" \/><\/figure>\n\n\n\n<h4 class=\"wp-block-heading has-vivid-cyan-blue-color has-text-color\" id=\"danse-traditionnelle-adultes\">Danse traditionnelle adultes<\/h4>\n\n\n\n<p><strong>D<\/strong>iscutons avec notre corps<br><strong>A<\/strong>musons-nous sans compter<br><strong>N<\/strong>&lsquo;oublions pas la bonne humeur<br><strong>S<\/strong>ourions au public et \u00e0 la vie<br><strong>E<\/strong>coutons le rythme de la musique<br><strong>R<\/strong>assurons-nous les uns les autres<\/p>\n\n\n\n<p>La danse folklorique vous fera pratiquer bourr\u00e9e, valse, polka et autres pas traditionnels sur des airs d&rsquo;accord\u00e9on, de fl\u00fbte ou encore de chabrette.<br>Outre son c\u00f4t\u00e9 convivial, la danse traditionnelle est b\u00e9n\u00e9fique \u00e0 votre dext\u00e9rit\u00e9 corporelle et \u00e9motionnelle, votre \u00e9quilibre, votre travail musculaire, votre coordination et votre sens du rythme !<\/p>\n\n\n\n<p>Si vous avez plus de 12 ans et envie de venir danser en vous amusant les vendredis soirs \u00e0 20h en semaines paires et les samedis \u00e0 15h30 en semaines impaires, rejoignez-nous !<br>Contact : <a href=\"mailto:bourdichoux@gmail.com\">Cindy<\/a><\/p>\n\n\n\n<figure class=\"wp-block-image size-large\"><img loading=\"lazy\" decoding=\"async\" width=\"915\" height=\"609\" src=\"https:\/\/bourdichoux.fr\/wp-content\/uploads\/2022\/05\/Bourdichoux-53-edited.jpg\" alt=\"\" class=\"wp-image-298\" srcset=\"https:\/\/bourdichoux.fr\/wp-content\/uploads\/2022\/05\/Bourdichoux-53-edited.jpg 915w, https:\/\/bourdichoux.fr\/wp-content\/uploads\/2022\/05\/Bourdichoux-53-edited-300x200.jpg 300w, https:\/\/bourdichoux.fr\/wp-content\/uploads\/2022\/05\/Bourdichoux-53-edited-768x511.jpg 768w\" sizes=\"auto, (max-width: 767px) 89vw, (max-width: 1000px) 54vw, (max-width: 1071px) 543px, 580px\" \/><\/figure>\n\n\n\n<h4 class=\"wp-block-heading has-vivid-cyan-blue-color has-text-color\" id=\"musique\">Musique<\/h4>\n\n\n\n<p>Airs folkloriques, musettes ou m\u00e9lodies plus contemporaines sont jou\u00e9s sur des instruments traditionnels pour accompagner les danses : accord\u00e9on diatonique, chabrette, vielle \u00e0 roue, clarinette, fl\u00fbte t\u00e9nor, etc.<\/p>\n\n\n\n<p>La musique aux Bourdichoux ce sont des r\u00e9p\u00e9titions hebdomadaires : musiciens d\u00e9j\u00e0 aguerris sur un ou plusieurs instruments, esprit de groupe, amour de la musique.<\/p>\n\n\n\n<p><mark style=\"background-color:rgba(0, 0, 0, 0)\" class=\"has-inline-color has-vivid-red-color\"><strong>Nouveau:<\/strong> <\/mark>Atelier musical d\u00e8s 5 ans pour d\u00e9couvrir les bases du solf\u00e8ge et jouer sur divers instruments de musique. Tous les mercredis de 16h15 \u00e0 17h15.<\/p>\n\n\n\n<p><br>Contact&nbsp;: <a href=\"mailto: bourdichoux@gmail.com\" data-type=\"mailto\">Fran\u00e7ois<\/a><\/p>\n\n\n\n<figure class=\"wp-block-image size-large\"><img loading=\"lazy\" decoding=\"async\" width=\"1024\" height=\"768\" src=\"https:\/\/bourdichoux.fr\/wp-content\/uploads\/2022\/02\/photo-musique-1024x768.jpg\" alt=\"\" class=\"wp-image-244\" srcset=\"https:\/\/bourdichoux.fr\/wp-content\/uploads\/2022\/02\/photo-musique-1024x768.jpg 1024w, https:\/\/bourdichoux.fr\/wp-content\/uploads\/2022\/02\/photo-musique-300x225.jpg 300w, https:\/\/bourdichoux.fr\/wp-content\/uploads\/2022\/02\/photo-musique-768x576.jpg 768w, https:\/\/bourdichoux.fr\/wp-content\/uploads\/2022\/02\/photo-musique-1536x1152.jpg 1536w, https:\/\/bourdichoux.fr\/wp-content\/uploads\/2022\/02\/photo-musique-2048x1536.jpg 2048w\" sizes=\"auto, (max-width: 767px) 89vw, (max-width: 1000px) 54vw, (max-width: 1071px) 543px, 580px\" \/><\/figure>\n","protected":false},"excerpt":{"rendered":"<p>Les Bourdichoux offre cinq activit\u00e9s : Th\u00e9\u00e2tre enfants Le th\u00e9\u00e2tre est un art aux multiples bienfaits qui permet aux enfants : Le th\u00e9\u00e2tre enfants aux Bourdichoux ce sont des r\u00e9p\u00e9titions tous les vendredis soirs en p\u00e9riode scolaire de 18h \u00e0 19h, encadr\u00e9es par des amateurs bienveillants aux conseils avis\u00e9s. Le but est de parvenir \u00e0 &hellip; <\/p>\n<p class=\"link-more\"><a href=\"https:\/\/bourdichoux.fr\/?page_id=31\" class=\"more-link\">Continuer la lecture<span class=\"screen-reader-text\"> de &laquo;&nbsp;Le Groupe&nbsp;&raquo;<\/span><\/a><\/p>\n","protected":false},"author":2,"featured_media":0,"parent":0,"menu_order":0,"comment_status":"closed","ping_status":"closed","template":"","meta":{"footnotes":""},"class_list":["post-31","page","type-page","status-publish","hentry"],"jetpack_sharing_enabled":true,"_links":{"self":[{"href":"https:\/\/bourdichoux.fr\/index.php?rest_route=\/wp\/v2\/pages\/31","targetHints":{"allow":["GET"]}}],"collection":[{"href":"https:\/\/bourdichoux.fr\/index.php?rest_route=\/wp\/v2\/pages"}],"about":[{"href":"https:\/\/bourdichoux.fr\/index.php?rest_route=\/wp\/v2\/types\/page"}],"author":[{"embeddable":true,"href":"https:\/\/bourdichoux.fr\/index.php?rest_route=\/wp\/v2\/users\/2"}],"replies":[{"embeddable":true,"href":"https:\/\/bourdichoux.fr\/index.php?rest_route=%2Fwp%2Fv2%2Fcomments&post=31"}],"version-history":[{"count":38,"href":"https:\/\/bourdichoux.fr\/index.php?rest_route=\/wp\/v2\/pages\/31\/revisions"}],"predecessor-version":[{"id":948,"href":"https:\/\/bourdichoux.fr\/index.php?rest_route=\/wp\/v2\/pages\/31\/revisions\/948"}],"wp:attachment":[{"href":"https:\/\/bourdichoux.fr\/index.php?rest_route=%2Fwp%2Fv2%2Fmedia&parent=31"}],"curies":[{"name":"wp","href":"https:\/\/api.w.org\/{rel}","templated":true}]}}