{"id":19,"date":"2022-02-14T17:12:37","date_gmt":"2022-02-14T17:12:37","guid":{"rendered":"http:\/\/bourdichoux.fr\/?page_id=19"},"modified":"2026-02-20T16:00:54","modified_gmt":"2026-02-20T16:00:54","slug":"spectacles-2022","status":"publish","type":"page","link":"https:\/\/bourdichoux.fr\/?page_id=19","title":{"rendered":"Spectacles 2026"},"content":{"rendered":"\n<p>Les Bourdichoux vous r\u00e9servent  beaucoup de surprises cette saison encore: de nouveaux sketches, de nouvelles danses et une nouvelle pi\u00e8ce de th\u00e9\u00e2tre!<\/p>\n\n\n\n<p><strong>Samedi 21 f\u00e9vrier, 20h30 <\/strong><\/p>\n\n\n\n<p>SAINT ANGEAU (16230), Salle Socioculturelle, 6 rue de la BARRAUDE <a href=\"https:\/\/maps.app.goo.gl\/C8HBJuYeMVeyifqL7\">.Google maps<\/a><\/p>\n\n\n\n<p><strong>Dimanche 1er mars, 14h30<\/strong><\/p>\n\n\n\n<p>Saint-Sornin (16220), Place de la poste, 1 chemin de la lauri\u00e8re.&nbsp;<a href=\"https:\/\/goo.gl\/maps\/48Jt91wwC9K3DRqEA\" target=\"_blank\" rel=\"noreferrer noopener\">Google Maps<\/a><\/p>\n\n\n\n<p><strong>Samedi 7 mars, <\/strong>20h30&nbsp;<\/p>\n\n\n\n<p>Saint-Sornin (16220), Place de la poste, 1 chemin de la lauri\u00e8re.&nbsp;<a href=\"https:\/\/goo.gl\/maps\/48Jt91wwC9K3DRqEA\" target=\"_blank\" rel=\"noreferrer noopener\">Google Maps<\/a><\/p>\n\n\n\n<p><strong>Dimanche 15 mars, 14h30<\/strong><\/p>\n\n\n\n<p>Saint-Sornin (16220), Place de la poste, 1 chemin de la lauri\u00e8re.&nbsp;<a href=\"https:\/\/goo.gl\/maps\/48Jt91wwC9K3DRqEA\" target=\"_blank\" rel=\"noreferrer noopener\">Google Maps<\/a><\/p>\n\n\n\n<p><strong>Samedi 21 mars, 20h30<\/strong><\/p>\n\n\n\n<p>Busserolles (24360) Salle des F\u00eates communales, 174 Route des Platanes.<a href=\"https:\/\/maps.app.goo.gl\/aWQNCaVDpAvSbtjC7\">Google maps<\/a><\/p>\n\n\n\n<p><strong>Samedi 28 mars, 20h30<\/strong><\/p>\n\n\n\n<p>CHAZELLES (16380), Salle d\u2019associations, 1 route de Marthon. <a href=\"https:\/\/goo.gl\/maps\/iW1xgBwPXenPB42J7\" target=\"_blank\" rel=\"noreferrer noopener\">Google Maps<\/a><\/p>\n\n\n\n<p><strong>Samedi 11 avril, 20h30<\/strong><\/p>\n\n\n\n<p>Saint-Sornin (16220), Place de la poste, 1 chemin de la lauri\u00e8re.&nbsp;<a href=\"https:\/\/goo.gl\/maps\/48Jt91wwC9K3DRqEA\" target=\"_blank\" rel=\"noreferrer noopener\">Google Maps<\/a><\/p>\n\n\n\n<p><strong>Samedi 18 avril, 20h30<\/strong><\/p>\n\n\n\n<p>Marthon (16380) rue des \u00e9coles .<a href=\"https:\/\/maps.app.goo.gl\/m2PWLhxHh7pKsMNv6\">Google Maps<\/a><\/p>\n\n\n\n<p><strong>Samedi 25 avril, 20h30<\/strong><\/p>\n\n\n\n<p>Saint-Sornin (16220), Place de la poste, 1 chemin de la lauri\u00e8re.&nbsp;<a href=\"https:\/\/goo.gl\/maps\/48Jt91wwC9K3DRqEA\" target=\"_blank\" rel=\"noreferrer noopener\">Google Maps<\/a><\/p>\n\n\n\n<figure class=\"wp-block-gallery has-nested-images columns-default is-cropped wp-block-gallery-1 is-layout-flex wp-block-gallery-is-layout-flex\"><\/figure>\n","protected":false},"excerpt":{"rendered":"<p>Les Bourdichoux vous r\u00e9servent beaucoup de surprises cette saison encore: de nouveaux sketches, de nouvelles danses et une nouvelle pi\u00e8ce de th\u00e9\u00e2tre! Samedi 21 f\u00e9vrier, 20h30 SAINT ANGEAU (16230), Salle Socioculturelle, 6 rue de la BARRAUDE .Google maps Dimanche 1er mars, 14h30 Saint-Sornin (16220), Place de la poste, 1 chemin de la lauri\u00e8re.&nbsp;Google Maps Samedi &hellip; <\/p>\n<p class=\"link-more\"><a href=\"https:\/\/bourdichoux.fr\/?page_id=19\" class=\"more-link\">Continuer la lecture<span class=\"screen-reader-text\"> de &laquo;&nbsp;Spectacles 2026&nbsp;&raquo;<\/span><\/a><\/p>\n","protected":false},"author":2,"featured_media":0,"parent":0,"menu_order":0,"comment_status":"closed","ping_status":"closed","template":"","meta":{"footnotes":""},"class_list":["post-19","page","type-page","status-publish","hentry"],"jetpack_sharing_enabled":true,"_links":{"self":[{"href":"https:\/\/bourdichoux.fr\/index.php?rest_route=\/wp\/v2\/pages\/19","targetHints":{"allow":["GET"]}}],"collection":[{"href":"https:\/\/bourdichoux.fr\/index.php?rest_route=\/wp\/v2\/pages"}],"about":[{"href":"https:\/\/bourdichoux.fr\/index.php?rest_route=\/wp\/v2\/types\/page"}],"author":[{"embeddable":true,"href":"https:\/\/bourdichoux.fr\/index.php?rest_route=\/wp\/v2\/users\/2"}],"replies":[{"embeddable":true,"href":"https:\/\/bourdichoux.fr\/index.php?rest_route=%2Fwp%2Fv2%2Fcomments&post=19"}],"version-history":[{"count":58,"href":"https:\/\/bourdichoux.fr\/index.php?rest_route=\/wp\/v2\/pages\/19\/revisions"}],"predecessor-version":[{"id":951,"href":"https:\/\/bourdichoux.fr\/index.php?rest_route=\/wp\/v2\/pages\/19\/revisions\/951"}],"wp:attachment":[{"href":"https:\/\/bourdichoux.fr\/index.php?rest_route=%2Fwp%2Fv2%2Fmedia&parent=19"}],"curies":[{"name":"wp","href":"https:\/\/api.w.org\/{rel}","templated":true}]}}